{"id":44,"date":"2024-02-08T18:17:03","date_gmt":"2024-02-08T17:17:03","guid":{"rendered":"https:\/\/www.nienburger-schlossfreunde.de\/verein\/?page_id=44"},"modified":"2025-10-01T08:37:38","modified_gmt":"2025-10-01T06:37:38","slug":"ueber-uns","status":"publish","type":"page","link":"https:\/\/www.nienburger-schlossfreunde.de\/verein\/ueber-uns\/","title":{"rendered":"\u00dcber uns"},"content":{"rendered":"\n<p>Der Verein<br>Im Juni 2023 gr\u00fcndete sich der F\u00f6rderverein, der sich zum Ziel gestellt hat, die historische Bausubstanz der ehemaligen Benediktinerabtei und des sp\u00e4teren Barockschlosses unter Wahrung denkmalsch\u00fctzerischer Gebote zu erhalten und die Umwandlung der Ruine in ein multifunktionales Kulturzentrum unter besonderer Beachtung der Rekonstruktion des Wei\u00dfen Saales zu unterst\u00fctzen. <\/p>\n\n\n\n<p>Wir Vereinsmitglieder sehen es als unsere wichtigste Aufgabe, Politiker, Historiker, Denkmalsch\u00fctzer und vor allem die Nienburger B\u00fcrger f\u00fcr die Revitalisierung zu mobilisieren, ein Nutzungskonzept zur Richtschnur gemeinsamen Handelns einzusetzen und das Einwerben notwendiger Finanzmittel zu bef\u00f6rdern. <\/p>\n\n\n\n<p>Erg\u00e4nzend dazu m\u00f6chte der Verein auf und am Gel\u00e4nde des Kloster- und Schlosskomplexes dauerhafte kulturelle Bet\u00e4tigung erm\u00f6glichen und Veranstaltungen organisieren. Auf diese Weise soll das Areal zu einem Treffpunkt Einheimischer und Zugereister, zu einem Ort von Geselligkeit und des sozialem Zusammenhalts werden.<\/p>\n\n\n\n<figure class=\"wp-block-image size-large animated backInUp\"><img loading=\"lazy\" decoding=\"async\" width=\"1024\" height=\"576\" src=\"https:\/\/www.nienburger-schlossfreunde.de\/verein\/wp-content\/uploads\/2024\/02\/1694345214969-1024x576.jpg\" alt=\"\" class=\"wp-image-59\" srcset=\"https:\/\/www.nienburger-schlossfreunde.de\/verein\/wp-content\/uploads\/2024\/02\/1694345214969-1024x576.jpg 1024w, https:\/\/www.nienburger-schlossfreunde.de\/verein\/wp-content\/uploads\/2024\/02\/1694345214969-300x169.jpg 300w, https:\/\/www.nienburger-schlossfreunde.de\/verein\/wp-content\/uploads\/2024\/02\/1694345214969-768x432.jpg 768w, https:\/\/www.nienburger-schlossfreunde.de\/verein\/wp-content\/uploads\/2024\/02\/1694345214969-1536x864.jpg 1536w, https:\/\/www.nienburger-schlossfreunde.de\/verein\/wp-content\/uploads\/2024\/02\/1694345214969-480x270.jpg 480w, https:\/\/www.nienburger-schlossfreunde.de\/verein\/wp-content\/uploads\/2024\/02\/1694345214969.jpg 2000w\" sizes=\"auto, (max-width: 1024px) 100vw, 1024px\" \/><\/figure>\n","protected":false},"excerpt":{"rendered":"<p>Der VereinIm Juni 2023 gr\u00fcndete sich der F\u00f6rderverein, der sich zum Ziel gestellt hat, die historische Bausubstanz der ehemaligen Benediktinerabtei und des sp\u00e4teren Barockschlosses unter [&#8230;]<\/p>\n","protected":false},"author":1,"featured_media":0,"parent":0,"menu_order":0,"comment_status":"closed","ping_status":"closed","template":"","meta":{"_uag_custom_page_level_css":"","pgc_sgb_lightbox_settings":"","_themeisle_gutenberg_block_has_review":false,"footnotes":""},"class_list":["post-44","page","type-page","status-publish","hentry"],"featured_image_src":null,"uagb_featured_image_src":{"full":false,"thumbnail":false,"medium":false,"medium_large":false,"large":false,"1536x1536":false,"2048x2048":false,"post-thumbnail":false,"dynamico-featured-content":false,"dynamico-ultra-wide":false,"dynamico-landscape":false,"dynamico-classic":false,"dynamico-square":false,"dynamico-portrait":false},"uagb_author_info":{"display_name":"berndn","author_link":"https:\/\/www.nienburger-schlossfreunde.de\/verein\/author\/berndn\/"},"uagb_comment_info":0,"uagb_excerpt":"Der VereinIm Juni 2023 gr\u00fcndete sich der F\u00f6rderverein, der sich zum Ziel gestellt hat, die historische Bausubstanz der ehemaligen Benediktinerabtei und des sp\u00e4teren Barockschlosses unter [...]","_links":{"self":[{"href":"https:\/\/www.nienburger-schlossfreunde.de\/verein\/wp-json\/wp\/v2\/pages\/44","targetHints":{"allow":["GET"]}}],"collection":[{"href":"https:\/\/www.nienburger-schlossfreunde.de\/verein\/wp-json\/wp\/v2\/pages"}],"about":[{"href":"https:\/\/www.nienburger-schlossfreunde.de\/verein\/wp-json\/wp\/v2\/types\/page"}],"author":[{"embeddable":true,"href":"https:\/\/www.nienburger-schlossfreunde.de\/verein\/wp-json\/wp\/v2\/users\/1"}],"replies":[{"embeddable":true,"href":"https:\/\/www.nienburger-schlossfreunde.de\/verein\/wp-json\/wp\/v2\/comments?post=44"}],"version-history":[{"count":3,"href":"https:\/\/www.nienburger-schlossfreunde.de\/verein\/wp-json\/wp\/v2\/pages\/44\/revisions"}],"predecessor-version":[{"id":227,"href":"https:\/\/www.nienburger-schlossfreunde.de\/verein\/wp-json\/wp\/v2\/pages\/44\/revisions\/227"}],"wp:attachment":[{"href":"https:\/\/www.nienburger-schlossfreunde.de\/verein\/wp-json\/wp\/v2\/media?parent=44"}],"curies":[{"name":"wp","href":"https:\/\/api.w.org\/{rel}","templated":true}]}}